{"id":63,"date":"2017-10-26T16:34:37","date_gmt":"2017-10-26T14:34:37","guid":{"rendered":"http:\/\/www.ucc-hamburg.de\/UCC\/?page_id=63"},"modified":"2017-10-26T20:26:15","modified_gmt":"2017-10-26T18:26:15","slug":"home","status":"publish","type":"page","link":"http:\/\/www.ucc-hamburg.de\/UCC\/","title":{"rendered":"Wilkommen beim UCC-Headquarter"},"content":{"rendered":"<p>Das UCC-Headquarter Hamburg ist eine Institution zum Erlernen von Selbstverteidigung, realit\u00e4ts- orientierter Kampfkunst und deren effiziente Strategien.<\/p>\n<p>Wir bieten individualisierten Unterricht und keine Massenabfertigung.Wem also die pers\u00f6nliche Entwicklung, sich in realen Selbstverteidigungssituationen zur Wehr setzen zu k\u00f6nnen, wichtiger ist als eine Ansammlung von Graduierungssymbolen, der ist bei uns richtig.<\/p>\n<p>Zu unseren Mitgliedern geh\u00f6ren Menschen mit einem gesunden Sinn f\u00fcr Fairness, worauf diese Schule auch \u00e4u\u00dfersten Wert legt.<\/p>\n<p>Wir behalten uns daher die Auswahl unserer Mitglieder vor.<\/p>\n<p><img loading=\"lazy\" decoding=\"async\" class=\"alignnone size-medium wp-image-23 aligncenter\" src=\"http:\/\/www.ucc-hamburg.de\/UCC\/wp-content\/uploads\/2017\/10\/aggiHome-212x300.png\" alt=\"\" width=\"212\" height=\"300\" srcset=\"http:\/\/www.ucc-hamburg.de\/UCC\/wp-content\/uploads\/2017\/10\/aggiHome-212x300.png 212w, http:\/\/www.ucc-hamburg.de\/UCC\/wp-content\/uploads\/2017\/10\/aggiHome.png 544w\" sizes=\"auto, (max-width: 212px) 100vw, 212px\" \/><\/p>\n","protected":false},"excerpt":{"rendered":"<p>Das UCC-Headquarter Hamburg ist eine Institution zum Erlernen von Selbstverteidigung, realit\u00e4ts- orientierter Kampfkunst und deren effiziente Strategien. Wir bieten individualisierten Unterricht und keine Massenabfertigung.Wem also die pers\u00f6nliche Entwicklung, sich in realen Selbstverteidigungssituationen zur Wehr setzen zu k\u00f6nnen, wichtiger ist als eine Ansammlung von Graduierungssymbolen, der ist bei uns richtig. Zu<\/p>\n","protected":false},"author":1,"featured_media":0,"parent":0,"menu_order":0,"comment_status":"closed","ping_status":"closed","template":"","meta":{"footnotes":""},"class_list":["post-63","page","type-page","status-publish","hentry"],"_links":{"self":[{"href":"http:\/\/www.ucc-hamburg.de\/UCC\/wp-json\/wp\/v2\/pages\/63","targetHints":{"allow":["GET"]}}],"collection":[{"href":"http:\/\/www.ucc-hamburg.de\/UCC\/wp-json\/wp\/v2\/pages"}],"about":[{"href":"http:\/\/www.ucc-hamburg.de\/UCC\/wp-json\/wp\/v2\/types\/page"}],"author":[{"embeddable":true,"href":"http:\/\/www.ucc-hamburg.de\/UCC\/wp-json\/wp\/v2\/users\/1"}],"replies":[{"embeddable":true,"href":"http:\/\/www.ucc-hamburg.de\/UCC\/wp-json\/wp\/v2\/comments?post=63"}],"version-history":[{"count":6,"href":"http:\/\/www.ucc-hamburg.de\/UCC\/wp-json\/wp\/v2\/pages\/63\/revisions"}],"predecessor-version":[{"id":126,"href":"http:\/\/www.ucc-hamburg.de\/UCC\/wp-json\/wp\/v2\/pages\/63\/revisions\/126"}],"wp:attachment":[{"href":"http:\/\/www.ucc-hamburg.de\/UCC\/wp-json\/wp\/v2\/media?parent=63"}],"curies":[{"name":"wp","href":"https:\/\/api.w.org\/{rel}","templated":true}]}}